{"id":24,"date":"2025-11-27T04:38:42","date_gmt":"2025-11-27T10:38:42","guid":{"rendered":"https:\/\/spatonalli.directorio-comercial.com\/?page_id=24"},"modified":"2025-11-27T05:58:40","modified_gmt":"2025-11-27T11:58:40","slug":"cena-romantica","status":"publish","type":"page","link":"https:\/\/spatonalli.directorio-comercial.com\/?page_id=24","title":{"rendered":"Cena Rom\u00e1ntica"},"content":{"rendered":"\n<div class=\"wp-block-group has-global-padding is-layout-constrained wp-block-group-is-layout-constrained\">\n<h2 class=\"wp-block-heading has-text-align-center has-background\" style=\"border-radius:29px;background-color:#fde8e3\">Ten una hermosa cena rom\u00e1ntica<\/h2>\n<\/div>\n\n\n\n<div class=\"wp-block-group has-global-padding is-layout-constrained wp-container-core-group-is-layout-19e250f3 wp-block-group-is-layout-constrained\">\n<figure class=\"wp-block-image size-large\"><img loading=\"lazy\" decoding=\"async\" width=\"1024\" height=\"683\" src=\"https:\/\/spatonalli.directorio-comercial.com\/wp-content\/uploads\/2025\/11\/imagen_cena_romantica-1024x683.png\" alt=\"\" class=\"wp-image-63\" srcset=\"https:\/\/spatonalli.directorio-comercial.com\/wp-content\/uploads\/2025\/11\/imagen_cena_romantica-1024x683.png 1024w, https:\/\/spatonalli.directorio-comercial.com\/wp-content\/uploads\/2025\/11\/imagen_cena_romantica-300x200.png 300w, https:\/\/spatonalli.directorio-comercial.com\/wp-content\/uploads\/2025\/11\/imagen_cena_romantica-768x512.png 768w, https:\/\/spatonalli.directorio-comercial.com\/wp-content\/uploads\/2025\/11\/imagen_cena_romantica.png 1344w\" sizes=\"auto, (max-width: 1024px) 100vw, 1024px\" \/><\/figure>\n\n\n\n<div style=\"height:20px\" aria-hidden=\"true\" class=\"wp-block-spacer\"><\/div>\n\n\n\n<div class=\"gb-query-23f28289\"><div class=\"gb-looper-18f7632a\">\n<div class=\"gb-loop-item post-172 cena type-cena status-publish hentry\">\n<div class=\"wp-block-group has-global-padding is-layout-constrained wp-block-group-is-layout-constrained\">\n<div class=\"wp-block-group is-vertical is-content-justification-center is-layout-flex wp-container-core-group-is-layout-2a94717e wp-block-group-is-layout-flex\">\n<h4 class=\"gb-text gb-text-1d6e7495\">INCLUYE AMBIENTACI\u00d3N ROM\u00c1NTICA DECORACI\u00d3N CON VELAS, P\u00c9TALOS DE ROSA Y LUCES SUAVES M\u00daSICA SUAVE O PERSONALIZADA ESPACIO PRIVADO (JARDIN O TEMAZCAL)<\/h4>\n\n\n\n<h4 class=\"gb-text gb-text-c81963c2\">CENA COMPLETA A TRES TIEMPOS (ENTRADA, PLATO FUERTE, POSTRE) RAMO DE ROSAS<\/h4>\n\n\n\n<h4 class=\"gb-text gb-text-ee0420c1\">DURACI\u00d3N 4 HRS <\/h4>\n\n\n\n<h4 class=\"gb-text gb-text-f7b12124\">$4900<\/h4>\n<\/div>\n<\/div>\n<\/div>\n<\/div><\/div>\n<\/div>\n","protected":false},"excerpt":{"rendered":"<p>Ten una hermosa cena rom\u00e1ntica<\/p>\n","protected":false},"author":1,"featured_media":0,"parent":0,"menu_order":0,"comment_status":"closed","ping_status":"closed","template":"","meta":{"_acf_changed":false,"footnotes":""},"class_list":["post-24","page","type-page","status-publish","hentry"],"acf":[],"_links":{"self":[{"href":"https:\/\/spatonalli.directorio-comercial.com\/index.php?rest_route=\/wp\/v2\/pages\/24","targetHints":{"allow":["GET"]}}],"collection":[{"href":"https:\/\/spatonalli.directorio-comercial.com\/index.php?rest_route=\/wp\/v2\/pages"}],"about":[{"href":"https:\/\/spatonalli.directorio-comercial.com\/index.php?rest_route=\/wp\/v2\/types\/page"}],"author":[{"embeddable":true,"href":"https:\/\/spatonalli.directorio-comercial.com\/index.php?rest_route=\/wp\/v2\/users\/1"}],"replies":[{"embeddable":true,"href":"https:\/\/spatonalli.directorio-comercial.com\/index.php?rest_route=%2Fwp%2Fv2%2Fcomments&post=24"}],"version-history":[{"count":3,"href":"https:\/\/spatonalli.directorio-comercial.com\/index.php?rest_route=\/wp\/v2\/pages\/24\/revisions"}],"predecessor-version":[{"id":174,"href":"https:\/\/spatonalli.directorio-comercial.com\/index.php?rest_route=\/wp\/v2\/pages\/24\/revisions\/174"}],"wp:attachment":[{"href":"https:\/\/spatonalli.directorio-comercial.com\/index.php?rest_route=%2Fwp%2Fv2%2Fmedia&parent=24"}],"curies":[{"name":"wp","href":"https:\/\/api.w.org\/{rel}","templated":true}]}}