{"id":12,"date":"2025-11-27T03:41:12","date_gmt":"2025-11-27T09:41:12","guid":{"rendered":"https:\/\/spatonalli.directorio-comercial.com\/?page_id=12"},"modified":"2025-12-05T19:08:09","modified_gmt":"2025-12-06T01:08:09","slug":"inicio","status":"publish","type":"page","link":"https:\/\/spatonalli.directorio-comercial.com\/","title":{"rendered":"Inicio"},"content":{"rendered":"\n<div class=\"wp-block-columns is-layout-flex wp-container-core-columns-is-layout-28f84493 wp-block-columns-is-layout-flex\">\n<div class=\"wp-block-column is-layout-flow wp-block-column-is-layout-flow\" style=\"flex-basis:2%\"><\/div>\n\n\n\n<div class=\"wp-block-column is-layout-flow wp-block-column-is-layout-flow\" style=\"flex-basis:96%\">\n<div class=\"wp-block-group is-content-justification-center is-nowrap is-layout-flex wp-container-core-group-is-layout-23441af8 wp-block-group-is-layout-flex\">\n<img loading=\"lazy\" decoding=\"async\" width=\"1600\" height=\"1066\" data-media-id=\"68\" class=\"gb-media-b4153b3e\" alt=\"\" src=\"https:\/\/spatonalli.directorio-comercial.com\/wp-content\/uploads\/2025\/11\/TONALLI-5.jpeg\" srcset=\"https:\/\/spatonalli.directorio-comercial.com\/wp-content\/uploads\/2025\/11\/TONALLI-5.jpeg 1600w, https:\/\/spatonalli.directorio-comercial.com\/wp-content\/uploads\/2025\/11\/TONALLI-5-300x200.jpeg 300w, https:\/\/spatonalli.directorio-comercial.com\/wp-content\/uploads\/2025\/11\/TONALLI-5-1024x682.jpeg 1024w, https:\/\/spatonalli.directorio-comercial.com\/wp-content\/uploads\/2025\/11\/TONALLI-5-768x512.jpeg 768w, https:\/\/spatonalli.directorio-comercial.com\/wp-content\/uploads\/2025\/11\/TONALLI-5-1536x1023.jpeg 1536w\" sizes=\"auto, (max-width: 1600px) 100vw, 1600px\" \/>\n<\/div>\n<\/div>\n\n\n\n<div class=\"wp-block-column is-layout-flow wp-block-column-is-layout-flow\" style=\"flex-basis:2%\"><\/div>\n<\/div>\n\n\n\n<div class=\"wp-block-group has-background has-global-padding is-layout-constrained wp-container-core-group-is-layout-c9115f92 wp-block-group-is-layout-constrained\" style=\"border-radius:19px;background-color:#fde8e3;padding-right:var(--wp--preset--spacing--20);padding-left:var(--wp--preset--spacing--20)\">\n<div class=\"wp-block-group is-vertical is-content-justification-center is-layout-flex wp-container-core-group-is-layout-ce155fab wp-block-group-is-layout-flex\">\n<h2 class=\"wp-block-heading has-text-align-center\">Sobre Nosostros<\/h2>\n\n\n\n<p class=\"gb-text gb-text-a04cf360\">Spa Tonalli es un espacio de bienestar hol\u00edstico enfocado en la conexi\u00f3n cuerpo, mente y esp\u00edritu. Ofrece experiencias relajantes y terap\u00e9uticas como temazcales guiados, masajes, rituales ancestrales y ceremonias naturales que promueven la sanaci\u00f3n interior. Su ambiente est\u00e1 inspirado en la energ\u00eda de la naturaleza y las tradiciones mexicanas, invitando a reconectar contigo mismo y recuperar el equilibrio en un entorno c\u00e1lido y arm\u00f3nico.<\/p>\n<\/div>\n<\/div>\n\n\n\n<div class=\"wp-block-group has-background has-global-padding is-layout-constrained wp-block-group-is-layout-constrained\" style=\"background-color:#f8f4e8\">\n<h2 class=\"wp-block-heading has-text-align-center\">Conoce todos nuestros servicios<\/h2>\n\n\n\n<div><div class=\"gb-looper-67afd1f6\">\n<div class=\"gb-loop-item gb-loop-item-2561ee71 post-51 servicio type-servicio status-publish hentry\">\n<div class=\"wp-block-group has-global-padding is-layout-constrained wp-container-core-group-is-layout-19e250f3 wp-block-group-is-layout-constrained\">\n<img loading=\"lazy\" decoding=\"async\" width=\"384\" height=\"180\" data-media-id=\"58\" class=\"gb-media-7f7c4033\" src=\"https:\/\/spatonalli.directorio-comercial.com\/wp-content\/uploads\/2025\/11\/imagen_regresada.png\" alt=\"Terapias\" srcset=\"https:\/\/spatonalli.directorio-comercial.com\/wp-content\/uploads\/2025\/11\/imagen_regresada.png 384w, https:\/\/spatonalli.directorio-comercial.com\/wp-content\/uploads\/2025\/11\/imagen_regresada-300x141.png 300w\" sizes=\"auto, (max-width: 384px) 100vw, 384px\" \/>\n\n\n\n<div class=\"wp-block-group has-global-padding is-layout-constrained wp-block-group-is-layout-constrained\" style=\"margin-top:0;margin-bottom:0\">\n<h2 class=\"gb-text gb-text-c5f3656f\">Terapias<\/h2>\n\n\n\n<p class=\"gb-text gb-text-8a9f9410\">Disfruta sesiones dise\u00f1adas para aliviar tensiones, equilibrar tu energ\u00eda y mejorar tu bienestar f\u00edsico y emocional. Nuestras terapias se adaptan a tus necesidades para brindarte relajaci\u00f3n profunda y renovaci\u00f3n total.<\/p>\n\n\n\n<div class=\"wp-block-group is-content-justification-center is-nowrap is-layout-flex wp-container-core-group-is-layout-23441af8 wp-block-group-is-layout-flex\">\n<a class=\"gb-text gb-text-837f6f36\" href=\"https:\/\/spatonalli.directorio-comercial.com\/?page_id=14\">Ver m\u00e1s<\/a>\n<\/div>\n<\/div>\n<\/div>\n<\/div>\n\n<div class=\"gb-loop-item gb-loop-item-2561ee71 post-52 servicio type-servicio status-publish hentry\">\n<div class=\"wp-block-group has-global-padding is-layout-constrained wp-container-core-group-is-layout-19e250f3 wp-block-group-is-layout-constrained\">\n<img loading=\"lazy\" decoding=\"async\" width=\"1600\" height=\"1066\" data-media-id=\"59\" class=\"gb-media-7f7c4033\" src=\"https:\/\/spatonalli.directorio-comercial.com\/wp-content\/uploads\/2025\/11\/TONALLI-2.jpeg\" alt=\"Temazcal\" srcset=\"https:\/\/spatonalli.directorio-comercial.com\/wp-content\/uploads\/2025\/11\/TONALLI-2.jpeg 1600w, https:\/\/spatonalli.directorio-comercial.com\/wp-content\/uploads\/2025\/11\/TONALLI-2-300x200.jpeg 300w, https:\/\/spatonalli.directorio-comercial.com\/wp-content\/uploads\/2025\/11\/TONALLI-2-1024x682.jpeg 1024w, https:\/\/spatonalli.directorio-comercial.com\/wp-content\/uploads\/2025\/11\/TONALLI-2-768x512.jpeg 768w, https:\/\/spatonalli.directorio-comercial.com\/wp-content\/uploads\/2025\/11\/TONALLI-2-1536x1023.jpeg 1536w\" sizes=\"auto, (max-width: 1600px) 100vw, 1600px\" \/>\n\n\n\n<div class=\"wp-block-group has-global-padding is-layout-constrained wp-block-group-is-layout-constrained\" style=\"margin-top:0;margin-bottom:0\">\n<h2 class=\"gb-text gb-text-c5f3656f\">Temazcal<\/h2>\n\n\n\n<p class=\"gb-text gb-text-8a9f9410\">Vive la experiencia ancestral del temazcal, un ritual de purificaci\u00f3n que armoniza cuerpo, mente y esp\u00edritu. A trav\u00e9s del calor y el vapor herbal, liberar\u00e1s toxinas, reducir\u00e1s estr\u00e9s y conectar\u00e1s con una tradici\u00f3n de sanaci\u00f3n natural.<\/p>\n\n\n\n<div class=\"wp-block-group is-content-justification-center is-nowrap is-layout-flex wp-container-core-group-is-layout-23441af8 wp-block-group-is-layout-flex\">\n<a class=\"gb-text gb-text-837f6f36\" href=\"https:\/\/spatonalli.directorio-comercial.com\/?page_id=16\">Ver m\u00e1s<\/a>\n<\/div>\n<\/div>\n<\/div>\n<\/div>\n\n<div class=\"gb-loop-item gb-loop-item-2561ee71 post-53 servicio type-servicio status-publish hentry\">\n<div class=\"wp-block-group has-global-padding is-layout-constrained wp-container-core-group-is-layout-19e250f3 wp-block-group-is-layout-constrained\">\n<img loading=\"lazy\" decoding=\"async\" width=\"1140\" height=\"760\" data-media-id=\"60\" class=\"gb-media-7f7c4033\" src=\"https:\/\/spatonalli.directorio-comercial.com\/wp-content\/uploads\/2025\/11\/imagen_spa_faciales.png\" alt=\"Tratamiento Facial\" srcset=\"https:\/\/spatonalli.directorio-comercial.com\/wp-content\/uploads\/2025\/11\/imagen_spa_faciales.png 1140w, https:\/\/spatonalli.directorio-comercial.com\/wp-content\/uploads\/2025\/11\/imagen_spa_faciales-300x200.png 300w, https:\/\/spatonalli.directorio-comercial.com\/wp-content\/uploads\/2025\/11\/imagen_spa_faciales-1024x683.png 1024w, https:\/\/spatonalli.directorio-comercial.com\/wp-content\/uploads\/2025\/11\/imagen_spa_faciales-768x512.png 768w\" sizes=\"auto, (max-width: 1140px) 100vw, 1140px\" \/>\n\n\n\n<div class=\"wp-block-group has-global-padding is-layout-constrained wp-block-group-is-layout-constrained\" style=\"margin-top:0;margin-bottom:0\">\n<h2 class=\"gb-text gb-text-c5f3656f\">Tratamiento Facial<\/h2>\n\n\n\n<p class=\"gb-text gb-text-8a9f9410\">Consiente tu piel con un tratamiento facial profesional que limpia, hidrata y revitaliza. Utilizamos t\u00e9cnicas y productos especializados para mejorar tu apariencia, recuperar luminosidad y promover un aspecto fresco y saludable.<\/p>\n\n\n\n<div class=\"wp-block-group is-content-justification-center is-nowrap is-layout-flex wp-container-core-group-is-layout-23441af8 wp-block-group-is-layout-flex\">\n<a class=\"gb-text gb-text-837f6f36\" href=\"https:\/\/spatonalli.directorio-comercial.com\/?page_id=18\">Ver m\u00e1s<\/a>\n<\/div>\n<\/div>\n<\/div>\n<\/div>\n\n<div class=\"gb-loop-item gb-loop-item-2561ee71 post-54 servicio type-servicio status-publish hentry\">\n<div class=\"wp-block-group has-global-padding is-layout-constrained wp-container-core-group-is-layout-19e250f3 wp-block-group-is-layout-constrained\">\n<img loading=\"lazy\" decoding=\"async\" width=\"1095\" height=\"730\" data-media-id=\"61\" class=\"gb-media-7f7c4033\" src=\"https:\/\/spatonalli.directorio-comercial.com\/wp-content\/uploads\/2025\/11\/imagen_maquillaje.png\" alt=\"Servicios de Belleza\" srcset=\"https:\/\/spatonalli.directorio-comercial.com\/wp-content\/uploads\/2025\/11\/imagen_maquillaje.png 1095w, https:\/\/spatonalli.directorio-comercial.com\/wp-content\/uploads\/2025\/11\/imagen_maquillaje-300x200.png 300w, https:\/\/spatonalli.directorio-comercial.com\/wp-content\/uploads\/2025\/11\/imagen_maquillaje-1024x683.png 1024w, https:\/\/spatonalli.directorio-comercial.com\/wp-content\/uploads\/2025\/11\/imagen_maquillaje-768x512.png 768w\" sizes=\"auto, (max-width: 1095px) 100vw, 1095px\" \/>\n\n\n\n<div class=\"wp-block-group has-global-padding is-layout-constrained wp-block-group-is-layout-constrained\" style=\"margin-top:0;margin-bottom:0\">\n<h2 class=\"gb-text gb-text-c5f3656f\">Servicios de Belleza<\/h2>\n\n\n\n<p class=\"gb-text gb-text-8a9f9410\">Realza tu estilo con nuestros servicios de belleza pensados para resaltar tu esencia. Maquillaje, peinados y cuidados est\u00e9ticos profesionales que te har\u00e1n lucir impecable para cualquier ocasi\u00f3n especial.<\/p>\n\n\n\n<div class=\"wp-block-group is-content-justification-center is-nowrap is-layout-flex wp-container-core-group-is-layout-23441af8 wp-block-group-is-layout-flex\">\n<a class=\"gb-text gb-text-837f6f36\" href=\"https:\/\/spatonalli.directorio-comercial.com\/?page_id=20\">Ver m\u00e1s<\/a>\n<\/div>\n<\/div>\n<\/div>\n<\/div>\n\n<div class=\"gb-loop-item gb-loop-item-2561ee71 post-55 servicio type-servicio status-publish hentry\">\n<div class=\"wp-block-group has-global-padding is-layout-constrained wp-container-core-group-is-layout-19e250f3 wp-block-group-is-layout-constrained\">\n<img loading=\"lazy\" decoding=\"async\" width=\"640\" height=\"560\" data-media-id=\"62\" class=\"gb-media-7f7c4033\" src=\"https:\/\/spatonalli.directorio-comercial.com\/wp-content\/uploads\/2025\/11\/imagen_acuatica.png\" alt=\"Paquetes\" srcset=\"https:\/\/spatonalli.directorio-comercial.com\/wp-content\/uploads\/2025\/11\/imagen_acuatica.png 640w, https:\/\/spatonalli.directorio-comercial.com\/wp-content\/uploads\/2025\/11\/imagen_acuatica-300x263.png 300w\" sizes=\"auto, (max-width: 640px) 100vw, 640px\" \/>\n\n\n\n<div class=\"wp-block-group has-global-padding is-layout-constrained wp-block-group-is-layout-constrained\" style=\"margin-top:0;margin-bottom:0\">\n<h2 class=\"gb-text gb-text-c5f3656f\">Paquetes<\/h2>\n\n\n\n<p class=\"gb-text gb-text-8a9f9410\">Elige entre nuestros paquetes dise\u00f1ados para brindarte experiencias completas de bienestar y relajaci\u00f3n. Combinamos servicios clave para que disfrutes m\u00e1s por menos, todo en un ambiente pensado para tu confort.<\/p>\n\n\n\n<div class=\"wp-block-group is-content-justification-center is-nowrap is-layout-flex wp-container-core-group-is-layout-23441af8 wp-block-group-is-layout-flex\">\n<a class=\"gb-text gb-text-837f6f36\" href=\"https:\/\/spatonalli.directorio-comercial.com\/?page_id=22\">Ver m\u00e1s<\/a>\n<\/div>\n<\/div>\n<\/div>\n<\/div>\n\n<div class=\"gb-loop-item gb-loop-item-2561ee71 post-56 servicio type-servicio status-publish hentry\">\n<div class=\"wp-block-group has-global-padding is-layout-constrained wp-container-core-group-is-layout-19e250f3 wp-block-group-is-layout-constrained\">\n<img loading=\"lazy\" decoding=\"async\" width=\"1344\" height=\"896\" data-media-id=\"63\" class=\"gb-media-7f7c4033\" src=\"https:\/\/spatonalli.directorio-comercial.com\/wp-content\/uploads\/2025\/11\/imagen_cena_romantica.png\" alt=\"Cena Rom\u00e1ntica\" srcset=\"https:\/\/spatonalli.directorio-comercial.com\/wp-content\/uploads\/2025\/11\/imagen_cena_romantica.png 1344w, https:\/\/spatonalli.directorio-comercial.com\/wp-content\/uploads\/2025\/11\/imagen_cena_romantica-300x200.png 300w, https:\/\/spatonalli.directorio-comercial.com\/wp-content\/uploads\/2025\/11\/imagen_cena_romantica-1024x683.png 1024w, https:\/\/spatonalli.directorio-comercial.com\/wp-content\/uploads\/2025\/11\/imagen_cena_romantica-768x512.png 768w\" sizes=\"auto, (max-width: 1344px) 100vw, 1344px\" \/>\n\n\n\n<div class=\"wp-block-group has-global-padding is-layout-constrained wp-block-group-is-layout-constrained\" style=\"margin-top:0;margin-bottom:0\">\n<h2 class=\"gb-text gb-text-c5f3656f\">Cena Rom\u00e1ntica<\/h2>\n\n\n\n<p class=\"gb-text gb-text-8a9f9410\">Celebra momentos especiales con una cena rom\u00e1ntica \u00fanica. Un ambiente \u00edntimo, decoraci\u00f3n especial y una experiencia cuidada al detalle para sorprender a tu pareja y crear recuerdos inolvidables.<\/p>\n\n\n\n<div class=\"wp-block-group is-content-justification-center is-nowrap is-layout-flex wp-container-core-group-is-layout-23441af8 wp-block-group-is-layout-flex\">\n<a class=\"gb-text gb-text-837f6f36\" href=\"https:\/\/spatonalli.directorio-comercial.com\/?page_id=24\">Ver m\u00e1s<\/a>\n<\/div>\n<\/div>\n<\/div>\n<\/div>\n\n<div class=\"gb-loop-item gb-loop-item-2561ee71 post-57 servicio type-servicio status-publish hentry\">\n<div class=\"wp-block-group has-global-padding is-layout-constrained wp-container-core-group-is-layout-19e250f3 wp-block-group-is-layout-constrained\">\n<img loading=\"lazy\" decoding=\"async\" width=\"1600\" height=\"1066\" data-media-id=\"64\" class=\"gb-media-7f7c4033\" src=\"https:\/\/spatonalli.directorio-comercial.com\/wp-content\/uploads\/2025\/11\/TONALLI-4.jpeg\" alt=\"Hospedajes\" srcset=\"https:\/\/spatonalli.directorio-comercial.com\/wp-content\/uploads\/2025\/11\/TONALLI-4.jpeg 1600w, https:\/\/spatonalli.directorio-comercial.com\/wp-content\/uploads\/2025\/11\/TONALLI-4-300x200.jpeg 300w, https:\/\/spatonalli.directorio-comercial.com\/wp-content\/uploads\/2025\/11\/TONALLI-4-1024x682.jpeg 1024w, https:\/\/spatonalli.directorio-comercial.com\/wp-content\/uploads\/2025\/11\/TONALLI-4-768x512.jpeg 768w, https:\/\/spatonalli.directorio-comercial.com\/wp-content\/uploads\/2025\/11\/TONALLI-4-1536x1023.jpeg 1536w\" sizes=\"auto, (max-width: 1600px) 100vw, 1600px\" \/>\n\n\n\n<div class=\"wp-block-group has-global-padding is-layout-constrained wp-block-group-is-layout-constrained\" style=\"margin-top:0;margin-bottom:0\">\n<h2 class=\"gb-text gb-text-c5f3656f\">Hospedajes<\/h2>\n\n\n\n<p class=\"gb-text gb-text-8a9f9410\">Descansa en habitaciones c\u00f3modas, acogedoras y dise\u00f1adas para brindarte tranquilidad. Nuestro hospedaje complementa tu experiencia de bienestar, permiti\u00e9ndote disfrutar cada servicio con total comodidad.<\/p>\n\n\n\n<div class=\"wp-block-group is-content-justification-center is-nowrap is-layout-flex wp-container-core-group-is-layout-23441af8 wp-block-group-is-layout-flex\">\n<a class=\"gb-text gb-text-837f6f36\" href=\"https:\/\/spatonalli.directorio-comercial.com\/?page_id=25\">Ver m\u00e1s<\/a>\n<\/div>\n<\/div>\n<\/div>\n<\/div>\n<\/div><\/div>\n<\/div>\n","protected":false},"excerpt":{"rendered":"<p>Sobre Nosostros Spa Tonalli es un espacio de bienestar hol\u00edstico enfocado en la conexi\u00f3n cuerpo, mente y esp\u00edritu. Ofrece experiencias relajantes y terap\u00e9uticas como temazcales guiados, masajes, rituales ancestrales y ceremonias naturales que promueven la sanaci\u00f3n interior. Su ambiente est\u00e1 inspirado en la energ\u00eda de la naturaleza y las tradiciones mexicanas, invitando a reconectar contigo [&hellip;]<\/p>\n","protected":false},"author":1,"featured_media":0,"parent":0,"menu_order":0,"comment_status":"closed","ping_status":"closed","template":"page-no-title","meta":{"_acf_changed":false,"footnotes":""},"class_list":["post-12","page","type-page","status-publish","hentry"],"acf":[],"_links":{"self":[{"href":"https:\/\/spatonalli.directorio-comercial.com\/index.php?rest_route=\/wp\/v2\/pages\/12","targetHints":{"allow":["GET"]}}],"collection":[{"href":"https:\/\/spatonalli.directorio-comercial.com\/index.php?rest_route=\/wp\/v2\/pages"}],"about":[{"href":"https:\/\/spatonalli.directorio-comercial.com\/index.php?rest_route=\/wp\/v2\/types\/page"}],"author":[{"embeddable":true,"href":"https:\/\/spatonalli.directorio-comercial.com\/index.php?rest_route=\/wp\/v2\/users\/1"}],"replies":[{"embeddable":true,"href":"https:\/\/spatonalli.directorio-comercial.com\/index.php?rest_route=%2Fwp%2Fv2%2Fcomments&post=12"}],"version-history":[{"count":5,"href":"https:\/\/spatonalli.directorio-comercial.com\/index.php?rest_route=\/wp\/v2\/pages\/12\/revisions"}],"predecessor-version":[{"id":190,"href":"https:\/\/spatonalli.directorio-comercial.com\/index.php?rest_route=\/wp\/v2\/pages\/12\/revisions\/190"}],"wp:attachment":[{"href":"https:\/\/spatonalli.directorio-comercial.com\/index.php?rest_route=%2Fwp%2Fv2%2Fmedia&parent=12"}],"curies":[{"name":"wp","href":"https:\/\/api.w.org\/{rel}","templated":true}]}}